{"id":14,"date":"2021-04-03T10:09:12","date_gmt":"2021-04-03T10:09:12","guid":{"rendered":"https:\/\/sdce.ba.lv\/?page_id=14"},"modified":"2021-04-03T20:36:36","modified_gmt":"2021-04-03T17:36:36","slug":"create-your-website-with-blocks","status":"publish","type":"page","link":"https:\/\/sdce.ba.lv\/","title":{"rendered":"COVID-19 ietekme uz ilgtsp\u0113j\u012bga pat\u0113ri\u0146a uzved\u012bbu un aprites ekonomiku"},"content":{"rendered":"\n<div class=\"wp-block-columns alignwide are-vertically-aligned-center is-style-twentytwentyone-columns-overlap\">\n<div class=\"wp-block-column is-vertically-aligned-center\">\n<p><strong>Projekta nosaukums un numurs:<\/strong>&nbsp; COVID-19 ietekme uz ilgtsp\u0113j\u012bga pat\u0113ri\u0146a uzved\u012bbu un aprites ekonomiku\/The Impact of COVID-19 on Sustainable Consumption Behaviors and Circular Economy (Nr. lzp-2020\/2-0317)<\/p>\n\n\n\n<p><strong>Vied\u0101s specializ\u0101cijas joma: <\/strong>Soci\u0101lo un humanit\u0101ro zin\u0101t\u0146u nozares ar horizont\u0101lu ietekmi RIS3<\/p>\n\n\n\n<p><strong>P\u0113tniec\u012bbas veids: <\/strong>Fundament\u0101lie p\u0113t\u012bjumi<\/p>\n\n\n\n<p><strong>Zin\u0101tnes nozare atbilsto\u0161i 2018. gada 23. janv\u0101ra Ministru kabineta noteikumiem Nr. 49 \u201cNoteikumi par Latvijas zin\u0101tnes nozar\u0113m un apak\u0161nozar\u0113m:<\/strong><strong> <\/strong>Ekonomika un uz\u0146\u0113m\u0113jdarb\u012bba&nbsp;<strong>(Prim\u0101r\u0101 nozare)<\/strong><\/p>\n\n\n\n<p><strong>Priorit\u0101rais virziens zin\u0101tn\u0113, atbilsto\u0161i Ministru kabineta 2017.gada 13.decembra r\u012bkojumam Nr. 746 \u201cPar priorit\u0101rajiem virzieniem zin\u0101tn\u0113 2018.-2021.&nbsp;gad\u0101 &#8211; <\/strong>Zin\u0101\u0161anu kult\u016bra un inov\u0101cijas ekonomiskajai ilgtsp\u0113jai<\/p>\n\n\n\n<p><strong>Pamatojums:<\/strong> Inform\u0101cijas un komunik\u0101cijas tehnolo\u0123iju att\u012bst\u012bba sekm\u0113 sabiedr\u012bbas ilgtsp\u0113j\u012bgu att\u012bst\u012bbu. Covid-19 pand\u0113mija pier\u0101d\u012bjusi, ka iedz\u012bvot\u0101jiem un uz\u0146\u0113m\u0113jiem nepiecie\u0161ama pal\u012bdz\u012bba apg\u016bt taup\u012bgas saimnieko\u0161anas prasmes, digitaliz\u0113t dokumentus un procesus, izdar\u012bt videi draudz\u012bgu izv\u0113li, sekot pasaules tendenc\u0113m, ko \u013cauj zin\u0101tniski-tehniskais progress.<\/p>\n\n\n\n<p><strong>Projekta m\u0113r\u0137is<\/strong> ir rad\u012bt teor\u0113tisko un praktisko b\u0101zi, lai veidotu zin\u0101tniski pamatotu dom\u0101\u0161anas un attieksmes mai\u0146u.<\/p>\n\n\n\n<p>Balstoties uz jaun\u0101kaj\u0101m zin\u0101tniskaj\u0101m atzi\u0146\u0101m un starptautisko pieredzi, projekta gait\u0101 pl\u0101nots izveidot digit\u0101lu platformu, kas ar modern\u0101m izgl\u012bt\u012bbas metod\u0113m veicin\u0101tu MVU un iedz\u012bvot\u0101ju apm\u0101c\u012bbas: t\u0101d\u0101s jom\u0101s k\u0101:<br>-finan\u0161u prat\u012bba,<br>&nbsp;-taup\u012bga saimnieko\u0161ana,<br>&#8211; darba zin\u0101tnisk\u0101 organiz\u0101cija, darba ties\u012bbas un aizsardz\u012bba,<br>&#8211; videi draudz\u012bga izv\u0113le,<br>&#8211; vesel\u012bgs dz\u012bvesveids, vingro\u0161ana darb\u0101, rehabilit\u0101cija,<br>&#8211; Zero waste, atkritumu \u0161\u0137iro\u0161ana un apjoma mazin\u0101\u0161ana,<br>&#8211; gudra iepirk\u0161an\u0101s, Za\u013cais iepirkums, darba ties\u012bbas,<br>&#8211; digitaliz\u0101cija, att\u0101lin\u0101tas sazi\u0146as un komunik\u0101cijas l\u012bdzek\u013ci,<br>&#8211; kiberdro\u0161\u012bba,&nbsp; dokumentu dro\u0161\u012bba digit\u0101l\u0101 vid\u0113.<\/p>\n\n\n\n<p>Zin\u0101tniski pamatota digit\u0101l\u0101 izgl\u012bt\u012bbas vide stimul\u0113s Latvijas ekonomisko izaugsmi un r\u016bpniec\u012bbas konkur\u0113tsp\u0113ju, mazinot Covid-19 izrais\u012bt\u0101s sekas un sagatavojoties iesp\u0113jam\u0101m l\u012bdz\u012bg\u0101m kr\u012bz\u0113m n\u0101kotn\u0113.<\/p>\n\n\n\n<p><strong>Projekta iesniedz\u0113js: <\/strong>Banku augstskola<\/p>\n\n\n\n<p><strong>Sadarb\u012bbas partneri:<\/strong> Latvijas Sporta pedago\u0123ijas akad\u0113mija, Liep\u0101jas Universit\u0101te<\/p>\n\n\n\n<p><strong>Projekta vad\u012bt\u0101ja: <\/strong>Inese Mav\u013cutova<\/p>\n\n\n\n<p><strong>Projekta \u012bsteno\u0161anas laiks: <\/strong>13 m\u0113ne\u0161i (2020.&nbsp;gada 1.&nbsp;decembris &#8211; 2021.&nbsp;gada 31.&nbsp;&nbsp;decembris)<\/p>\n\n\n\n<p><strong>Projekta kop\u0113jais finans\u0113jums: <\/strong>100389 EUR<\/p>\n<\/div>\n<\/div>\n","protected":false},"excerpt":{"rendered":"<p>Projekta nosaukums un numurs:&nbsp; COVID-19 ietekme uz ilgtsp\u0113j\u012bga pat\u0113ri\u0146a uzved\u012bbu un aprites ekonomiku\/The Impact of COVID-19 on Sustainable Consumption Behaviors and Circular Economy (Nr. lzp-2020\/2-0317) Vied\u0101s specializ\u0101cijas joma: Soci\u0101lo un humanit\u0101ro zin\u0101t\u0146u nozares ar horizont\u0101lu ietekmi RIS3 P\u0113tniec\u012bbas veids: Fundament\u0101lie p\u0113t\u012bjumi Zin\u0101tnes nozare atbilsto\u0161i 2018. gada 23. janv\u0101ra Ministru kabineta noteikumiem Nr. 49 \u201cNoteikumi par [&hellip;]<\/p>\n","protected":false},"author":1,"featured_media":0,"parent":0,"menu_order":0,"comment_status":"closed","ping_status":"closed","template":"","meta":[],"_links":{"self":[{"href":"https:\/\/sdce.ba.lv\/index.php?rest_route=\/wp\/v2\/pages\/14"}],"collection":[{"href":"https:\/\/sdce.ba.lv\/index.php?rest_route=\/wp\/v2\/pages"}],"about":[{"href":"https:\/\/sdce.ba.lv\/index.php?rest_route=\/wp\/v2\/types\/page"}],"author":[{"embeddable":true,"href":"https:\/\/sdce.ba.lv\/index.php?rest_route=\/wp\/v2\/users\/1"}],"replies":[{"embeddable":true,"href":"https:\/\/sdce.ba.lv\/index.php?rest_route=%2Fwp%2Fv2%2Fcomments&post=14"}],"version-history":[{"count":4,"href":"https:\/\/sdce.ba.lv\/index.php?rest_route=\/wp\/v2\/pages\/14\/revisions"}],"predecessor-version":[{"id":57,"href":"https:\/\/sdce.ba.lv\/index.php?rest_route=\/wp\/v2\/pages\/14\/revisions\/57"}],"wp:attachment":[{"href":"https:\/\/sdce.ba.lv\/index.php?rest_route=%2Fwp%2Fv2%2Fmedia&parent=14"}],"curies":[{"name":"wp","href":"https:\/\/api.w.org\/{rel}","templated":true}]}}