{"id":41,"date":"2021-04-03T17:20:52","date_gmt":"2021-04-03T17:20:52","guid":{"rendered":"https:\/\/sdce.ba.lv\/?page_id=41"},"modified":"2022-02-18T18:01:25","modified_gmt":"2022-02-18T15:01:25","slug":"projekta-rezultati","status":"publish","type":"page","link":"https:\/\/sdce.ba.lv\/?page_id=41","title":{"rendered":"Projekta rezult\u0101ti"},"content":{"rendered":"\n<p>Kop\u0161 2020. gada decembra Banku augstskol\u0101 tiek \u012bstenots Fundament\u0101lo un lieti\u0161\u0137o p\u0113t\u012bjumu zin\u0101tnieku individu\u0101lais projekts \u2013 p\u0113t\u012bjums\u00a0<strong>\u201cCOVID-19 ietekme uz ilgtsp\u0113j\u012bga pat\u0113ri\u0146a uzved\u012bbu un aprites ekonomiku\u201d (Nr. lzp-2020\/2-0317).<\/strong>\u00a0Projekta norises laiks 13 m\u0113ne\u0161i: 2020. gada 1. decembris \u2013 2021. gada 31. decembris, un projekta partneri ir Banku augstskola (k\u0101 iesniedz\u0113js), Latvijas Sporta pedago\u0123ijas akad\u0113mija un Liep\u0101jas Universit\u0101te. P\u0113tniec\u012bbas projekta nosl\u0113guma f\u0101z\u0113 16. decembr\u012b notika\u00a0<strong>konference \u2013 vebin\u0101rs:\u00a0 \u201cIlgtsp\u0113j\u012bga pat\u0113ri\u0146\u0161 un aprites ekonomika \u2013 COVID-19 rad\u012bt\u0101s p\u0101rmai\u0146as, iesp\u0113jas un izaicin\u0101jumi\u201d.<\/strong><\/p>\n\n\n\n<p><strong>Zin\u0101tnisk\u0101 izcil\u012bba<\/strong><\/p>\n\n\n\n<p>P\u0113tniec\u012bbas metodolo\u0123ijas un progresa m\u0113r\u0137a un uzdevumu sasnieg\u0161anas laik\u0101, Covid-19 pand\u0113mija rad\u012bja bezprecedenta probl\u0113mas ekonomikas un finan\u0161u sist\u0113m\u0101m, k\u0101 ar\u012b eso\u0161ajiem uz\u0146\u0113m\u0113jdarb\u012bbas mode\u013ciem, kas nav ilgtsp\u0113j\u012bgi ar eso\u0161aj\u0101m strukt\u016br\u0101m un darb\u012bbas meh\u0101nismiem un prasa p\u0101rmai\u0146as.<br>Apvienoto N\u0101ciju Organiz\u0101cijas (ANO) Ilgtsp\u0113j\u012bgas Att\u012bst\u012bbas M\u0113r\u0137i (The Sustainable Development Goals \/ SDG) ir pl\u0101ns, kura m\u0113r\u0137is ir virz\u012bt pasaules m\u0113roga centienus, lai gan indiv\u012bdiem, gan uz\u0146\u0113mumiem pan\u0101ktu lab\u0101ku un ilgtsp\u0113j\u012bg\u0101ku n\u0101kotni. \u0160is projekts bija \u012bpa\u0161i saist\u012bts ar SDG 121 (ANO, 2021). Ilgtsp\u0113j\u012bgs pat\u0113ri\u0146\u0161 un ra\u017eo\u0161ana veicina resursu un ener\u0123ijas efektivit\u0101ti, ilgtsp\u0113j\u012bgu infrastrukt\u016bru, piek\u013cuvi videi draudz\u012bg\u0101m darba viet\u0101m un lab\u0101ku dz\u012bves kvalit\u0101ti, kas ir pamats virz\u012bbai uz ilgtsp\u0113j\u012bgu att\u012bst\u012bbu un ilgtermi\u0146\u0101 veicina cilv\u0113ku un plan\u0113tas labkl\u0101j\u012bbu (EK politikas vadl\u012bnijas 2019-2024).<\/p>\n\n\n\n<p><a rel=\"noreferrer noopener\" href=\"https:\/\/sdce.ba.lv\/wp-content\/uploads\/2022\/02\/Zinatniskas-publikacijas.pdf\" target=\"_blank\">Zin\u0101tnisk\u0101s publik\u0101cijas projekta &#8220;COVID-19 ietekme uz ilgtsp\u0113j\u012bga pat\u0113ri\u0146a uzved\u012bbu un aprites ekonomiku&#8221; ietvaros.<\/a><\/p>\n\n\n\n<p><a href=\"https:\/\/sdce.ba.lv\/wp-content\/uploads\/2022\/02\/Petnieku-projektu-rezultatu-prezentacijas-1.pdf\" data-type=\"URL\" target=\"_blank\" rel=\"noreferrer noopener\">P\u0113tnieku projekta rezult\u0101tu prezent\u0101cijas starptautiskaj\u0101s zin\u0101tniskaj\u0101s konferenc\u0113s.<\/a><\/p>\n\n\n\n<p><a href=\"https:\/\/sdce.ba.lv\/wp-content\/uploads\/2022\/02\/Iesaistitas-puses-zinatnisko-projektu-izstrade-un-sadarbibas-veicinasana-.pdf\" data-type=\"URL\" target=\"_blank\" rel=\"noreferrer noopener\">Iesaist\u012bt\u0101s puses zin\u0101tnisko projektu izstr\u0101d\u0113 un sadarb\u012bbas veicin\u0101\u0161an\u0101.<\/a><\/p>\n\n\n\n<p><a rel=\"noreferrer noopener\" href=\"https:\/\/sdce.ba.lv\/wp-content\/uploads\/2022\/02\/Studentu-petnieciskie-darbi-izstradati-petijumu-ietvaros-1-1.pdf\" data-type=\"URL\" data-id=\"https:\/\/sdce.ba.lv\/wp-content\/uploads\/2022\/02\/Studentu-petnieciskie-darbi-izstradati-petijumu-ietvaros-1-1.pdf\" target=\"_blank\">Studentu p\u0113tnieciskie darbi izstr\u0101d\u0101ti p\u0113t\u012bjumu ietvaros.<\/a><\/p>\n\n\n\n<p><strong>Satversmes tiesas priek\u0161s\u0113d\u0113t\u0101ja, prof. Dr. iur. Sanita Osipova&nbsp;<\/strong>par p\u0113tniec\u012bbas projektu:&nbsp;<\/p>\n\n\n\n<p class=\"has-text-align-left\"><em>\u201cProjekta ietvaros tika veikts interdisciplin\u0101rs p\u0113t\u012bjums, kur\u0161 \u013c\u0101va gan defin\u0113t ar ilgtsp\u0113j\u012bgu ekonomiku saist\u012btos j\u0113dzienus, gan noskaidrot, k\u0101 \u0161ie koncepti tiek izprasti un ieviesti Latvij\u0101. B\u016btiski, ka tika noskaidrots, k\u0101 pieaugot sabiedr\u012bb\u0101 izpratnei par ilgtsp\u0113j\u012bgas aprites ekonomiku, ir main\u012bju\u0161ies gan ra\u017eo\u0161anas, gan indiv\u012bdu ikdienas paradumi, un sal\u012bdzin\u0101t Latvijas sasniegumus ar citu Eiropas Savien\u012bbas valstu sasniegumiem. \u013boti interesanti bija dzird\u0113t da\u017e\u0101du nozaru zin\u0101tnieku atzi\u0146as, kas veidoja vispus\u012bgu un pamatotu kopainu par Covid 19 pand\u0113mijas un ar to saist\u012bto ierobe\u017eojumu, kas izrais\u012bja b\u016btiskas izmai\u0146as sabiedr\u012bbas dz\u012bv\u0113, ietekmi uz ilgtsp\u0113j\u012bga pat\u0113ri\u0146a uzved\u012bbu un aprites ekonomiku. P\u0113tnieki non\u0101ca pie atzi\u0146as, ka da\u013ca notiku\u0161o izmai\u0146u v\u0113rt\u0113jamas pozit\u012bvi, jo att\u0101lin\u0101tais darbs citstarp \u013cauj ietaup\u012bt resursus. Ta\u010du vienlaikus, mainoties da\u017e\u0101diem ieradumiem, piem\u0113ram, indiv\u012bdu ar fizisk\u0101m aktivit\u0101t\u0113m saist\u012btajiem paradumiem, veidojas ar\u012b padraud\u0113jumi, kurus savlaic\u012bgi apzinoties, iesp\u0113jams kori\u0123\u0113t sabiedr\u012bbas uzved\u012bbu, lai atjaunotu labb\u016bt\u012bbu.\u201d<\/em><\/p>\n\n\n\n<p>P\u0113tniec\u012bbas&nbsp;<strong>projektu vada Banku augstskolas profesore, vad\u012bbzin\u0101tnes doktore Inese Mav\u013cutova<\/strong>, kura nosl\u0113guma konference uzsv\u0113ra \u0161\u0101das b\u016btisk\u0101k\u0101s kop\u012bg\u0101s atzi\u0146as:<\/p>\n\n\n\n<ul><li><em>Covid 19 pand\u0113mija ir bijis pa\u0101trino\u0161s faktors ekonomikas digit\u0101lajai transform\u0101cijai,<\/em><\/li><li><em>j\u0101v\u0113rt\u0113 izaicin\u0101jumi k\u0101 iesp\u0113jas v\u0113sturiskai visas sabiedr\u012bbas soci\u0101lekonomiskai transform\u0101cijai,<\/em><\/li><li><em>b\u016btisks uzdevums ir ilgtsp\u0113jas meh\u0101nismu veido\u0161ana vis\u0101s dz\u012bves jom\u0101s,<\/em><\/li><li><em>katram indiv\u012bdam ir vajadz\u012bgs savs r\u012bc\u012bbas pl\u0101ns \u2013 k\u0101 optimiz\u0113t pat\u0113ri\u0146u, veicin\u0101t digit\u0101lo aprites ekonomiku,<\/em><\/li><li><em>Latvij\u0101 ir pla\u0161i pieejami publiskie digit\u0101lie pakalpojumi, bet \u0161obr\u012bd atpaliekam no cit\u0101m Eiropas valst\u012bm, jo v\u0113rojama cilv\u0113kresursa neatbilst\u012bba, kompeten\u010du tr\u016bkums digit\u0101lajai transform\u0101cijai un nav pietiekamas digit\u0101lo tehnolo\u0123iju integr\u0101cijas,<\/em><\/li><li><em>p\u0113d\u0113jos gados strauji augusi telekomunik\u0101ciju, interneta, da\u017e\u0101du tehnolo\u0123iju izmanto\u0161ana, tom\u0113r daudziem tr\u016bkst nepiecie\u0161amo prasmju,<\/em><\/li><li><em>ar\u012b m\u016bsdien\u012bga finan\u0161u prat\u012bba prasa digit\u0101lo kompetenci, lai var\u0113tu veicin\u0101t viedus ieguld\u012bjumus un atdevi no \u201cza\u013caj\u0101m invest\u012bcij\u0101m\u201d, attieksme \u0161aj\u0101 joma ir nogaido\u0161a, kaut uzkr\u0101jumi aug,<\/em><\/li><li><em>m\u016b\u017eizgl\u012bt\u012bba ir atsl\u0113ga finan\u0161u prat\u012bbas un labkl\u0101j\u012bbas uzlabo\u0161anai,<\/em><\/li><li><em>darba vides mai\u0146a \u2013 augs piepras\u012bjums p\u0113c darbiniekiem ar digit\u0101lo kompetenci, sp\u0113ju veikt datu anal\u012bzi, komandas darba sp\u0113j\u0101m un vad\u012bbas prasmi un rado\u0161u dom\u0101\u0161anu, \u0161\u0101dus darbiniekus nekad nevar\u0113s aizst\u0101t robotiz\u0101cija un m\u0101ksl\u012bgais intelekts.<\/em><\/li><\/ul>\n\n\n\n<figure class=\"wp-block-image size-large is-resized\"><img loading=\"lazy\" src=\"https:\/\/www.ba.lv\/wp-content\/uploads\/2021\/12\/7-slaids.png\" alt=\"\" width=\"658\" height=\"245\"\/><\/figure>\n\n\n\n<p><strong>Liep\u0101jas Universit\u0101tes, Aprites ekonomikas centra vad\u012bt\u0101ja, p\u0113tniece Lilita \u0100bele sav\u0101 prezent\u0101cij\u0101 \u201cAprites ekonomika: iesp\u0113jas p\u0113c COVID-19\u201d<\/strong>&nbsp;dal\u012bj\u0101s secin\u0101jumos:<\/p>\n\n\n\n<ul><li><em>Aprites ekonomikas, za\u013c\u0101s ekonomikas vai bioekonomikas j\u0113dziena izcelsme ir sena, ta\u010du \u012bst\u0101 sabiedr\u012bbas transform\u0101cija notiek patlaban.<\/em><\/li><li><em>M\u016bsu rok\u0101s ir izv\u0113le \u2013 \u012bstenot \u201cKovboja ekonomiku\u201d vai \u201cKosmosa ku\u0123a ekonomiku\u201d, kur\u0101 esam vien\u0101 ku\u0123\u012b un tepat ir gan resurss, gan saimnieko\u0161anas atkritumi, k\u0101 to visu turpm\u0101k gudri izmantot?<\/em><\/li><li><em>Glob\u0101l\u0101 interese par aprites ekonomiku ir dat\u0113jama apm\u0113ram ar 2015. gadu, valstis, kuras ir flagma\u0146i t\u0101s izzi\u0146\u0101, ievie\u0161an\u0101 \u2013 N\u012bderlande, Somija, Centr\u0101leiropa, \u010c\u012ble un \u0136\u012bna.<\/em><\/li><li><em>Pand\u0113mija rada vieniem digit\u0101lo kompeten\u010du k\u0101pumu, citiem turpret\u012b kritumu, jo pietiekami intens\u012bvi neapg\u016bst jauno, \u012bpa\u0161i pietr\u016bkst prasmju datu izmanto\u0161an\u0101 un anal\u012bz\u0113.<\/em><\/li><li><em>Ir valstis, kur\u0101s \u00bc nodarbin\u0101to jau sp\u0113j str\u0101d\u0101t att\u0101lin\u0101ti, LV \u2013 tikai 4.5%.<\/em><\/li><li><em>Att\u0101lin\u0101to darbu var veicin\u0101t iesp\u0113jas, t.sk finan\u0161u iesp\u0113jas, izveidot piem\u0113rotu ergonomisku darba vietu atbilsto\u0161os apst\u0101k\u013cos, uz\u0146\u0113mumu iek\u0161\u0113j\u0101s kult\u016bras mai\u0146a \u2013 vad\u012bt\u0101ju sp\u0113jas vad\u012bt \u0161\u0101du kolekt\u012bvu, procesu<\/em>.<\/li><\/ul>\n\n\n\n<p>Latvijas Sporta pedago\u0123ijas akad\u0113mijas p\u0113tnieka <strong>dr. Kalvja \u010ciekura prezent\u0101cijas  \u201cIlgtsp\u0113j\u012bgais pat\u0113ri\u0146\u0161 un fizisko aktivit\u0101\u0161u metodes Z paaudzei\u201d pieturas punkti:<\/strong><\/p>\n\n\n\n<ul><li><em>Visiem bijusi maz\u0101ka fizisk\u0101 noslodze pand\u0113mijas period\u0101<\/em><\/li><li><em>M\u0101js\u0113de ir veicin\u0101jusi vesel\u012bbas pasliktin\u0101\u0161anos, liel\u0101ka ietekme tai bijusi uz sievie\u0161u vesel\u012bbu<\/em><\/li><li><em>Pas\u012bvais dz\u012bvesveids izraisa da\u017e\u0101du nev\u0113lamu atkar\u012bbu izplat\u012b\u0161anos<\/em><\/li><li><em>Tom\u0113r att\u012bst\u0101s fizisko aktivit\u0101\u0161u lietotnes internet\u0101, to izmanto\u0161ana fizisk\u0101s aktivit\u0101tes veicin\u0101\u0161an\u0101<\/em><\/li><\/ul>\n\n\n\n<p><strong>Dr. J\u0101nis Brizga, Biedr\u012bbas \u201cZa\u013c\u0101 Br\u012bv\u012bba\u201d valdes loceklis, LU p\u0113tnieks&nbsp;<\/strong>iez\u012bm\u0113ja sabiedr\u012bbas transform\u0101cijas perspekt\u012bvu \u201cdal\u012b\u0161an\u0101s ekonomikas\u201d kontekst\u0101:<\/p>\n\n\n\n<ul><li><em>Svar\u012bga ir gan kritisk\u0101 masa iedz\u012bvot\u0101ju atbalst\u012bt\u0101ju vid\u016b , kuri sp\u0113j iekustin\u0101t procesa virz\u012bbu, gan tic\u012bba kop\u0113jam labumam jau realiz\u0101cijas gait\u0101;<\/em><\/li><li><em>Ir iesp\u0113jas \u2013 interneta p\u0101rkl\u0101jums un tehnolo\u0123iju turpm\u0101ka att\u012bst\u012bba kop\u0101 ar pand\u0113mijas laika v\u0113lmi kontakt\u0113t\/tirgoties\/ m\u0101c\u012bties\/ veidot biznesu digit\u0101li, jo nav iesp\u0113jas kl\u0101tien\u0113;<\/em><\/li><li><em>Mums ir labi piem\u0113ri k\u0101 att\u012bst\u0101mies att\u0101lin\u0101ti: zemnieku tirdzi\u0146i on-line, projektu bankas, \u201cAndele -mandele\u201d veida tirdzniec\u012bba, Br\u012bvdabas muzeja e-gadatirgus, birojn\u012bcas k\u0101 koplieto\u0161anas telpas, dal\u012b\u0161an\u0101s ar lietotu ap\u0123\u0113rbu u.c.;<\/em><\/li><li><em>Sadarb\u012bbas\/dal\u012b\u0161an\u0101s ekonomikai ir senas saknes \u2013 eBay (1995), Couch Surfing (2001), zemnieku kooperat\u012bvi 19. gs. vai kr\u0101jaizdevu sabiedr\u012bbas 20.gs. , \u0161is trad\u012bcijas varam att\u012bst\u012bt un pilnveidot atbilsto\u0161i laikmeta garam.<\/em><\/li><\/ul>\n\n\n\n<p>Atzi\u0146as un \u201cce\u013ca maizi\u201d turpm\u0101kai sadarb\u012bbai un p\u0113t\u012bjumiem sniedza&nbsp;<strong>Dr. Dzintra Atst\u0101ja, Banku augstskolas profesore, Liep\u0101jas Universit\u0101tes p\u0113tniece un \u0161\u012b projekta vado\u0161\u0101 p\u0113tniece<\/strong>:<\/p>\n\n\n\n<p><em>Banku augstskola, t\u0101s vad\u012bba ir dar\u012bjusi visu, lai p\u0113tniec\u012bba un zin\u0101tne b\u016btu tas virziens, ar kuru m\u016bsu augstskolu atpaz\u012btu pasaul\u0113 \u2013 mums bija \u013coti svar\u012bgi tagad nostiprin\u0101t priorit\u0101ro p\u0113tniec\u012bbas virzienu.<\/em><br><br>Vair\u0101k: <a href=\"https:\/\/ej.uz\/konference_16_dec\" target=\"_blank\" rel=\"noreferrer noopener\">https:\/\/ej.uz\/konference_16_dec<\/a><\/p>\n\n\n\n<p class=\"has-text-align-center\">P\u0112TNIEKU GRUPA<\/p>\n\n\n\n<p>BASBF, LSPA un LiepU sadarb\u012bbas t\u012bkls ar viet\u0113jiem un \u0101rvalstu sadarb\u012bbas partneriem (nozares p\u0101rst\u0101vjiem, vald\u012bbu un atbalsta organiz\u0101cij\u0101m, finan\u0161u iest\u0101d\u0113m, augst\u0101k\u0101s izgl\u012bt\u012bbas iest\u0101d\u0113m u.c.) tiek uzskat\u012bts par svar\u012bgu papildu v\u0113rt\u012bbu projekta pan\u0101kumiem, \u012bpa\u0161i \u0161\u012b projekta rezult\u0101tu t\u0101l\u0101kai izplat\u012b\u0161anai un pla\u0161\u0101kai izmanto\u0161anai, k\u0101 ar\u012b un projekta \u201cHorizon 2020\u201d pieteikuma izstr\u0101dei.<\/p>\n\n\n\n<figure class=\"wp-block-image size-large is-resized\"><img loading=\"lazy\" src=\"https:\/\/sdce.ba.lv\/wp-content\/uploads\/2022\/02\/Petnieki_final-1024x576.png\" alt=\"\" class=\"wp-image-89\" width=\"672\" height=\"378\" srcset=\"https:\/\/sdce.ba.lv\/wp-content\/uploads\/2022\/02\/Petnieki_final-1024x576.png 1024w, https:\/\/sdce.ba.lv\/wp-content\/uploads\/2022\/02\/Petnieki_final-300x169.png 300w, https:\/\/sdce.ba.lv\/wp-content\/uploads\/2022\/02\/Petnieki_final-768x432.png 768w, https:\/\/sdce.ba.lv\/wp-content\/uploads\/2022\/02\/Petnieki_final-1536x864.png 1536w, https:\/\/sdce.ba.lv\/wp-content\/uploads\/2022\/02\/Petnieki_final-1200x675.png 1200w, https:\/\/sdce.ba.lv\/wp-content\/uploads\/2022\/02\/Petnieki_final.png 1920w\" sizes=\"(max-width: 672px) 100vw, 672px\" \/><figcaption>Galveno p\u0113tnieku grupa un vi\u0146u kompetence saist\u012bb\u0101 ar \u0161o p\u0113tniec\u012bbas projektu.<br>Avots: autoru rad\u012bts<\/figcaption><\/figure>\n\n\n\n<p><strong>Inese Mav\u013cutova,<\/strong> PhD, profesore, Banku augstskolas (BA) vado\u0161\u0101 p\u0113tniece un projektu vad\u012bt\u0101ja. Vair\u0101k nek\u0101 100 zin\u0101tnisko rakstu autore, Scopus H-index 4. Pla\u0161a pieredze starptautiskos zin\u0101tniskajos un ERASMUS projektos. Galvenie p\u0113tniec\u012bbas lauki ir digitaliz\u0101cija, izgl\u012bt\u012bba uz\u0146\u0113m\u0113jdarb\u012bbas jom\u0101, finan\u0161u p\u0101rvald\u012bba, biznesa finans\u0113\u0161anas mode\u013ci, finan\u0161u prat\u012bba, ilgtsp\u0113j\u012bga invest\u012bciju anal\u012bze. Inese ir pieredz\u0113jusi p\u0113tniece un projektu vad\u012bt\u0101ja. Programma Erasmus+ KA2 Knowledge Alliances. KABADA \/ Knowledge Alliance of Business idea Assessment: Digital Approach projekta p\u0113tniece. BA p\u0113tniec\u012bbas projekta grantu programmas projektu vado\u0161\u0101 p\u0113tniece, projekta \u201cApplication of Modern Teaching Methods in Business Studies in Higher Education\u201d (01.09.2019-30.06.2020) projekta grupas vad\u012bt\u0101ja. BA p\u0113tniec\u012bbas grantu programmu \u201cCompetency Management Assessment in Latvian Financial Sector\u201d (01.09.2019-30.06.2020), \u201cModern teaching methods to promote the development of sustainable entrepreneurial thinking\u201d (01.01.21-31.08.2021) vado\u0161\u0101 eksperte.<\/p>\n\n\n\n<p><strong>Inga Uvarova<\/strong>, PhD kandid\u0101te, eksperte, Banku augstskolas (BA) absolvente, lektore un pieredz\u0113jusi projektu vad\u012bt\u0101ja. BA p\u0113tniec\u012bbas projekta 2018\/1 \u201cCircular Economy Perspectives in the Baltic States\u201d dal\u012bbniece un eksperte BA p\u0113tniec\u012bbas projekt\u0101 2019\/1 \u201cManagement of circular economy business models and projects in the Latvian economy\u201d. 2019. gad\u0101 Inga Uvarova piedal\u012bj\u0101s starptautiskaj\u0101 virtu\u0101laj\u0101 24 stundu hakaton\u0101 \u201cHack the waste\u201d k\u0101 mentore un trenese studentu komand\u0101m, kas izstr\u0101d\u0101ju\u0161as jaunas \u201czero waste\u201d biznesa idejas. I. Uvarovai ir pla\u0161a pieredze p\u0113t\u012bjumos (vi\u0146a ir vado\u0161\u0101 p\u0113tniece (grupas vad\u012bt\u0101ja) aptuveni 10 p\u0113t\u012bjumos un viena no galvenajiem p\u0113tniekiem aptuveni 20 p\u0113t\u012bjumos p\u0113d\u0113jo 10 gadu laik\u0101). Vi\u0146a ir autore vair\u0101k\u0101m publik\u0101cij\u0101m CE (aprites ekonomika) un circular business models jom\u0101. P\u0113tniec\u012bbas intere\u0161u lauki ir saist\u012bti ar CE, aprites uz\u0146\u0113m\u0113jdarb\u012bbas mode\u013ciem, uz\u0146\u0113m\u0113jdarb\u012bbas mode\u013ca inov\u0101cij\u0101m, \u201cza\u013co\u201d uz\u0146\u0113mumu finans\u0113\u0161anu un projektiem.<\/p>\n\n\n\n<p><strong>Dzintra Atst\u0101ja<\/strong>, ekonomikas zin\u0101t\u0146u doktore, Liep\u0101jas Universit\u0101tes (LiepU) p\u0113tniece un Banku ausgstkolas (BA) profesore, Ilgtsp\u0113jas, efektivit\u0101tes un efektivit\u0101tes p\u0113tniec\u012bbas laboratorijas vad\u012bt\u0101ja. Vi\u0146ai ir pieredze da\u017e\u0101du projektu vad\u012b\u0161an\u0101. Jaun\u0101kie p\u0113tniec\u012bbas projekti 2018\/1 \u201cCircular Economy Perspectives in the Baltic States\u201d un projekts 2019\/1 \u201cManagement of circular economy business models and projects in the Latvian economy\u201d. Vi\u0146a ir galven\u0101 eksperte un lektore, Eiropas Soci\u0101l\u0101 fonda projekts 3.4.2.0\/15\/I\/001 \u201cProfessional Development of Human Resources of the Public Administration for Better regulatory policy in the field of the Support to Small and Medium-Sized Enterprises\u201d, p\u0113t\u012bjumu kursa sagatavo\u0161ana un semin\u0101rs \u201cSustainable entrepreneurship: HR and work environment\u201d (2018.-2019). Dzintra Atst\u0101ja ir gandr\u012bz 150 publik\u0101ciju autore un piedal\u012bjusies neskait\u0101m\u0101s zin\u0101tniskaj\u0101s konferenc\u0113s.<\/p>\n\n\n\n<p><a href=\"https:\/\/sdce.ba.lv\/wp-content\/uploads\/2022\/02\/Sadarbibas-ar-zinatniskajam-institucijam-un-to-rezultati1.pdf\" data-type=\"URL\" data-id=\"https:\/\/sdce.ba.lv\/wp-content\/uploads\/2022\/02\/Sadarbibas-ar-zinatniskajam-institucijam-un-to-rezultati1.pdf\" target=\"_blank\" rel=\"noreferrer noopener\">Sadarb\u012bbas ar zin\u0101tniskaj\u0101m instit\u016bcij\u0101m un to rezult\u0101ti.<\/a><\/p>\n\n\n\n<p><\/p>\n","protected":false},"excerpt":{"rendered":"<p>Kop\u0161 2020. gada decembra Banku augstskol\u0101 tiek \u012bstenots Fundament\u0101lo un lieti\u0161\u0137o p\u0113t\u012bjumu zin\u0101tnieku individu\u0101lais projekts \u2013 p\u0113t\u012bjums\u00a0\u201cCOVID-19 ietekme uz ilgtsp\u0113j\u012bga pat\u0113ri\u0146a uzved\u012bbu un aprites ekonomiku\u201d (Nr. lzp-2020\/2-0317).\u00a0Projekta norises laiks 13 m\u0113ne\u0161i: 2020. gada 1. decembris \u2013 2021. gada 31. decembris, un projekta partneri ir Banku augstskola (k\u0101 iesniedz\u0113js), Latvijas Sporta pedago\u0123ijas akad\u0113mija un Liep\u0101jas Universit\u0101te. [&hellip;]<\/p>\n","protected":false},"author":1,"featured_media":0,"parent":39,"menu_order":0,"comment_status":"closed","ping_status":"closed","template":"","meta":[],"_links":{"self":[{"href":"https:\/\/sdce.ba.lv\/index.php?rest_route=\/wp\/v2\/pages\/41"}],"collection":[{"href":"https:\/\/sdce.ba.lv\/index.php?rest_route=\/wp\/v2\/pages"}],"about":[{"href":"https:\/\/sdce.ba.lv\/index.php?rest_route=\/wp\/v2\/types\/page"}],"author":[{"embeddable":true,"href":"https:\/\/sdce.ba.lv\/index.php?rest_route=\/wp\/v2\/users\/1"}],"replies":[{"embeddable":true,"href":"https:\/\/sdce.ba.lv\/index.php?rest_route=%2Fwp%2Fv2%2Fcomments&post=41"}],"version-history":[{"count":14,"href":"https:\/\/sdce.ba.lv\/index.php?rest_route=\/wp\/v2\/pages\/41\/revisions"}],"predecessor-version":[{"id":98,"href":"https:\/\/sdce.ba.lv\/index.php?rest_route=\/wp\/v2\/pages\/41\/revisions\/98"}],"up":[{"embeddable":true,"href":"https:\/\/sdce.ba.lv\/index.php?rest_route=\/wp\/v2\/pages\/39"}],"wp:attachment":[{"href":"https:\/\/sdce.ba.lv\/index.php?rest_route=%2Fwp%2Fv2%2Fmedia&parent=41"}],"curies":[{"name":"wp","href":"https:\/\/api.w.org\/{rel}","templated":true}]}}